{"id":2230,"date":"2020-09-25T02:52:58","date_gmt":"2020-09-25T05:52:58","guid":{"rendered":"https:\/\/inmobiliariaraffo.com.ar\/web\/?page_id=2230"},"modified":"2024-06-27T12:47:26","modified_gmt":"2024-06-27T15:47:26","slug":"inicio","status":"publish","type":"page","link":"https:\/\/inmobiliariaraffo.com.ar\/web\/","title":{"rendered":"Inicio"},"content":{"rendered":"<div class=\"wpb-content-wrapper\"><p>[vc_row full_width=\u00bbstretch_row\u00bb full_height=\u00bbyes\u00bb bg_overlay_mode=\u00bbimage\u00bb custom_parallax_type=\u00bbvertical_parallax\u00bb custom_parallax_bg_repeat=\u00bbno-repeat\u00bb css=\u00bb.vc_custom_1712323501102{background-position: center !important;background-repeat: no-repeat !important;background-size: cover !important;}\u00bb custom_parallax_image=\u00bb8305&#8243;][vc_column][g5element_space][g5element_heading layout_style=\u00bbstyle-02&#8243; title=\u00bbENCONTR\u00c1 TU LUGAR IDEAL\u00bb subtitle=\u00bbTE AYUDAMOS A CONCRETAR TUS SUE\u00d1OS\u00bb title_typography=\u00bb%7B%22font_family%22%3A%22%22%2C%22font_weight%22%3A%22%22%2C%22font_style%22%3A%22%22%2C%22font_size_lg%22%3A%2265%22%2C%22font_size_md%22%3A%22%22%2C%22font_size_sm%22%3A%2238%22%2C%22font_size_xs%22%3A%22%22%2C%22align%22%3A%22%22%2C%22text_transform%22%3A%22%22%2C%22line_height%22%3A%221.24%22%2C%22letter_spacing%22%3A%22%22%2C%22color%22%3A%22light%22%2C%22hover_color%22%3A%22%22%7D\u00bb subtitle_typography=\u00bb%7B%22font_family%22%3A%22%22%2C%22font_weight%22%3A%22%22%2C%22font_style%22%3A%22%22%2C%22font_size_lg%22%3A%2222%22%2C%22font_size_md%22%3A%22%22%2C%22font_size_sm%22%3A%22%22%2C%22font_size_xs%22%3A%22%22%2C%22align%22%3A%22%22%2C%22text_transform%22%3A%22%22%2C%22line_height%22%3A%22%22%2C%22letter_spacing%22%3A%223.67px%22%2C%22color%22%3A%22light%22%2C%22hover_color%22%3A%22%22%7D\u00bb][g5element_space spacing=\u00bb83&#8243;][g5element_property_search_form search_form=\u00bbadvanced-search\u00bb el_class=\u00bbcustom-ere-search-01&#8243;][g5element_space][\/vc_column][\/vc_row][vc_row full_width=\u00bbstretch_row\u00bb disable_element=\u00bbyes\u00bb el_class=\u00bbvc-row-left-right-200 vc-col-no-pt\u00bb][vc_column][g5element_space spacing=\u00bb90&#8243; spacing_md=\u00bb70&#8243;][\/vc_column][vc_column width=\u00bb7\/12&#8243;][g5element_heading title=\u00bbPropiedades en Venta\u00bb description=\u00bbConoc\u00e9 todas las oportunidades de compra que tenemos\u00bb switch_line_field=\u00bbon\u00bb title_typography=\u00bb%7B%22font_family%22%3A%22%22%2C%22font_weight%22%3A%22%22%2C%22font_style%22%3A%22%22%2C%22font_size_lg%22%3A%22%22%2C%22font_size_md%22%3A%22%22%2C%22font_size_sm%22%3A%22%22%2C%22font_size_xs%22%3A%22%22%2C%22align%22%3A%22%22%2C%22text_transform%22%3A%22%22%2C%22line_height%22%3A%221.2%22%2C%22letter_spacing%22%3A%22%22%2C%22color%22%3A%22%22%2C%22hover_color%22%3A%22%22%7D\u00bb][\/vc_column][vc_column width=\u00bb5\/12&#8243;][g5element_space spacing=\u00bb20&#8243;][g5element_button title=\u00bbVer todas las propiedades\u00bb shape=\u00bbrounded\u00bb color=\u00bbprimary\u00bb align=\u00bbright\u00bb icon_font=\u00bbfas fa-long-arrow-alt-right\u00bb icon_align=\u00bbright\u00bb button_typography=\u00bb%7B%22font_family%22%3A%22%22%2C%22font_weight%22%3A%22%22%2C%22font_style%22%3A%22%22%2C%22font_size_lg%22%3A%22%22%2C%22font_size_md%22%3A%22%22%2C%22font_size_sm%22%3A%22%22%2C%22font_size_xs%22%3A%22%22%2C%22align%22%3A%22%22%2C%22text_transform%22%3A%22%22%2C%22line_height%22%3A%22%22%2C%22letter_spacing%22%3A%22-0.22px%22%2C%22color%22%3A%22%22%2C%22hover_color%22%3A%22%22%7D\u00bb padding_left_right=\u00bb34&#8243; link=\u00bburl:https%3A%2F%2Finmobiliariaraffo.com.ar%2Fweb%2Fpropiedad-estado%2Fventa%2F\u00bb el_class=\u00bbjustify-content-start-sm\u00bb][\/vc_column][vc_column][g5element_space spacing=\u00bb27&#8243;][g5element_properties_carousel item_skin=\u00bbskin-02&#8243; show=\u00bbnew-in\u00bb property_status=\u00bb38&#8243; columns_lg=\u00bb3&#8243; columns_md=\u00bb2&#8243; columns_sm=\u00bb1&#8243; columns=\u00bb1&#8243; slider_navigation_enable=\u00bbon\u00bb post_image_ratio_width=\u00bb357&#8243; post_image_ratio_height=\u00bb210&#8243; el_class=\u00bbcustom-properties-carousel-01&#8243;][g5element_space spacing=\u00bb70&#8243;][g5element_properties item_skin=\u00bbskin-02&#8243; show=\u00bbnew-in\u00bb property_status=\u00bb38&#8243; post_image_ratio_width=\u00bb357&#8243; post_image_ratio_height=\u00bb210&#8243; el_class=\u00bbcustom-properties-carousel-01&#8243;][\/vc_column][\/vc_row][vc_row full_width=\u00bbstretch_row\u00bb el_class=\u00bbvc-row-left-right-200 vc-col-no-pt\u00bb][vc_column][g5element_space spacing=\u00bb90&#8243; spacing_md=\u00bb70&#8243;][\/vc_column][vc_column width=\u00bb7\/12&#8243;][g5element_heading title=\u00bbPropiedades en Venta\u00bb description=\u00bbConoc\u00e9 todas las oportunidades de compra que tenemos\u00bb switch_line_field=\u00bbon\u00bb title_typography=\u00bb%7B%22font_family%22%3A%22%22%2C%22font_weight%22%3A%22%22%2C%22font_style%22%3A%22%22%2C%22font_size_lg%22%3A%22%22%2C%22font_size_md%22%3A%22%22%2C%22font_size_sm%22%3A%22%22%2C%22font_size_xs%22%3A%22%22%2C%22align%22%3A%22%22%2C%22text_transform%22%3A%22%22%2C%22line_height%22%3A%221.2%22%2C%22letter_spacing%22%3A%22%22%2C%22color%22%3A%22%22%2C%22hover_color%22%3A%22%22%7D\u00bb][\/vc_column][vc_column width=\u00bb5\/12&#8243;][g5element_space spacing=\u00bb20&#8243;][g5element_button title=\u00bbVer todas las propiedades\u00bb shape=\u00bbrounded\u00bb color=\u00bbprimary\u00bb align=\u00bbright\u00bb icon_font=\u00bbfas fa-long-arrow-alt-right\u00bb icon_align=\u00bbright\u00bb button_typography=\u00bb%7B%22font_family%22%3A%22%22%2C%22font_weight%22%3A%22%22%2C%22font_style%22%3A%22%22%2C%22font_size_lg%22%3A%22%22%2C%22font_size_md%22%3A%22%22%2C%22font_size_sm%22%3A%22%22%2C%22font_size_xs%22%3A%22%22%2C%22align%22%3A%22%22%2C%22text_transform%22%3A%22%22%2C%22line_height%22%3A%22%22%2C%22letter_spacing%22%3A%22-0.22px%22%2C%22color%22%3A%22%22%2C%22hover_color%22%3A%22%22%7D\u00bb padding_left_right=\u00bb34&#8243; link=\u00bburl:https%3A%2F%2Finmobiliariaraffo.com.ar%2Fweb%2Fpropiedad-estado%2Fventa%2F\u00bb el_class=\u00bbjustify-content-start-sm\u00bb][\/vc_column][vc_column][g5element_space spacing=\u00bb27&#8243;][g5element_properties item_skin=\u00bbskin-02&#8243; show=\u00bbnew-in\u00bb property_status=\u00bb38&#8243; post_image_ratio_width=\u00bb357&#8243; post_image_ratio_height=\u00bb210&#8243; el_class=\u00bbcustom-properties-carousel-01&#8243;][g5element_space spacing=\u00bb70&#8243;][\/vc_column][\/vc_row][vc_row full_width=\u00bbstretch_row\u00bb el_class=\u00bbvc-col-no-pt vc-row-left-right-200&#8243; css=\u00bb.vc_custom_1595906378750{background-color: #fafafa !important;}\u00bb][vc_column][g5element_space spacing=\u00bb102&#8243; spacing_md=\u00bb65&#8243;][\/vc_column][vc_column width=\u00bb1\/2&#8243; offset=\u00bbvc_col-lg-4 vc_col-md-5&#8243;][g5element_heading title=\u00bbExplora nuestras<br \/>\npropiedades\u00bb description=\u00bb\u00bfEstas buscando una casa? \u00bfUn departamento? O si solamente estas buscando invertir, en Raffo Inmobiliaria podemos ayudarte!\u00bb switch_line_field=\u00bbon\u00bb limit_width=\u00bb380&#8243; title_typography=\u00bb%7B%22font_family%22%3A%22%22%2C%22font_weight%22%3A%22%22%2C%22font_style%22%3A%22%22%2C%22font_size_lg%22%3A%22%22%2C%22font_size_md%22%3A%22%22%2C%22font_size_sm%22%3A%22%22%2C%22font_size_xs%22%3A%22%22%2C%22align%22%3A%22%22%2C%22text_transform%22%3A%22%22%2C%22line_height%22%3A%221.2%22%2C%22letter_spacing%22%3A%22%22%2C%22color%22%3A%22%22%2C%22hover_color%22%3A%22%22%7D\u00bb][g5element_space spacing=\u00bb32&#8243;][g5element_button title=\u00bbPropiedades que esperan por ti\u00bb shape=\u00bbrounded\u00bb color=\u00bbprimary\u00bb icon_font=\u00bbfar fa-long-arrow-right\u00bb icon_align=\u00bbright\u00bb button_typography=\u00bb%7B%22font_family%22%3A%22%22%2C%22font_weight%22%3A%22%22%2C%22font_style%22%3A%22%22%2C%22font_size_lg%22%3A%2213%22%2C%22font_size_md%22%3A%22%22%2C%22font_size_sm%22%3A%22%22%2C%22font_size_xs%22%3A%22%22%2C%22align%22%3A%22%22%2C%22text_transform%22%3A%22%22%2C%22line_height%22%3A%22%22%2C%22letter_spacing%22%3A%22-0.2px%22%2C%22color%22%3A%22%22%2C%22hover_color%22%3A%22%22%7D\u00bb padding_left_right=\u00bb35&#8243; link=\u00bburl:https%3A%2F%2Finmobiliariaraffo.com.ar%2Fweb%2Fpropiedades\u00bb][\/vc_column][vc_column width=\u00bb1\/2&#8243; offset=\u00bbvc_col-lg-8 vc_col-md-7&#8243;][g5element_space spacing=\u00bb22&#8243; spacing_sm=\u00bb28&#8243;][g5element_slider_container slides_to_show=\u00bb4&#8243; columns_lg=\u00bb3&#8243; columns_md=\u00bb2&#8243; columns_sm=\u00bb3&#8243; columns_xs=\u00bb2&#8243; dots_navigation=\u00bb\u00bb el_class=\u00bbcustom-slider-pd custom-slider-arrow-01 lg-arrow-hide\u00bb][g5element_image_box layout_style=\u00bbstyle-02&#8243; icon_image=\u00bb5902&#8243; img_style=\u00bbimg-default\u00bb hover_image_effect=\u00bb\u00bb title=\u00bbDepartamentos\u00bb link=\u00bburl:https%3A%2F%2Finmobiliariaraffo.com.ar%2Fweb%2Fpropiedades%2F%3Ftype%3Ddepartamentos\u00bb][\/g5element_image_box][g5element_image_box layout_style=\u00bbstyle-02&#8243; icon_image=\u00bb5903&#8243; img_style=\u00bbimg-default\u00bb hover_image_effect=\u00bb\u00bb title=\u00bbCasas\u00bb link=\u00bburl:https%3A%2F%2Finmobiliariaraffo.com.ar%2Fweb%2Fpropiedades%2F%3Ftype%3Dcasas\u00bb][\/g5element_image_box][g5element_image_box layout_style=\u00bbstyle-02&#8243; icon_image=\u00bb5905&#8243; img_style=\u00bbimg-default\u00bb hover_image_effect=\u00bb\u00bb title=\u00bbOficinas\u00bb link=\u00bburl:https%3A%2F%2Finmobiliariaraffo.com.ar%2Fweb%2Fpropiedades%2F%3Ftype%3Doficinas\u00bb][\/g5element_image_box][g5element_image_box layout_style=\u00bbstyle-02&#8243; icon_image=\u00bb5906&#8243; img_style=\u00bbimg-default\u00bb hover_image_effect=\u00bb\u00bb title=\u00bbTerrenos\u00bb link=\u00bburl:https%3A%2F%2Finmobiliariaraffo.com.ar%2Fweb%2Fpropiedades%2F%3Ftype%3Dterrenos\u00bb][\/g5element_image_box][g5element_image_box layout_style=\u00bbstyle-02&#8243; icon_image=\u00bb5907&#8243; img_style=\u00bbimg-default\u00bb hover_image_effect=\u00bb\u00bb title=\u00bbPH\u00bb link=\u00bburl:https%3A%2F%2Finmobiliariaraffo.com.ar%2Fweb%2Fpropiedades%2F%3Ftype%3Dph\u00bb][\/g5element_image_box][g5element_image_box layout_style=\u00bbstyle-02&#8243; icon_image=\u00bb5908&#8243; img_style=\u00bbimg-default\u00bb hover_image_effect=\u00bb\u00bb title=\u00bbEmprendimientos\u00bb link=\u00bburl:https%3A%2F%2Finmobiliariaraffo.com.ar%2Fweb%2Fpropiedades%2F%3Ftype%3Demprendimientos\u00bb][\/g5element_image_box][g5element_image_box layout_style=\u00bbstyle-02&#8243; icon_image=\u00bb5909&#8243; img_style=\u00bbimg-default\u00bb hover_image_effect=\u00bb\u00bb title=\u00bbCocheras\u00bb link=\u00bburl:https%3A%2F%2Finmobiliariaraffo.com.ar%2Fweb%2Fpropiedades%2F%3Ftype%3Dcocheras\u00bb][\/g5element_image_box][g5element_image_box layout_style=\u00bbstyle-02&#8243; icon_image=\u00bb5910&#8243; img_style=\u00bbimg-default\u00bb hover_image_effect=\u00bb\u00bb title=\u00bbGalpones \/ Otros\u00bb link=\u00bburl:https%3A%2F%2Finmobiliariaraffo.com.ar%2Fweb%2Fpropiedades%2F%3Ftype%3Dgalpones-otros\u00bb][\/g5element_image_box][g5element_image_box layout_style=\u00bbstyle-02&#8243; icon_image=\u00bb5911&#8243; img_style=\u00bbimg-default\u00bb hover_image_effect=\u00bb\u00bb title=\u00bbInversiones Exterior\u00bb link=\u00bburl:https%3A%2F%2Finmobiliariaraffo.com.ar%2Fweb%2Fpropiedades%2F%3Ftype%3Dinversiones-exterior\u00bb][\/g5element_image_box][\/g5element_slider_container][\/vc_column][vc_column][g5element_space spacing=\u00bb99&#8243; spacing_md=\u00bb80&#8243; spacing_sm=\u00bb5&#8243;][\/vc_column][\/vc_row][vc_row full_width=\u00bbstretch_row\u00bb el_class=\u00bbvc-row-left-right-200 vc-col-no-pt\u00bb][vc_column][g5element_space spacing=\u00bb90&#8243; spacing_md=\u00bb70&#8243;][\/vc_column][vc_column width=\u00bb7\/12&#8243;][g5element_heading title=\u00bbPropiedades en Alquiler\u00bb description=\u00bbEncontr\u00e1 tu nuevo hogar, las opciones m\u00e1s convenientes!\u00bb switch_line_field=\u00bbon\u00bb title_typography=\u00bb%7B%22font_family%22%3A%22%22%2C%22font_weight%22%3A%22%22%2C%22font_style%22%3A%22%22%2C%22font_size_lg%22%3A%22%22%2C%22font_size_md%22%3A%22%22%2C%22font_size_sm%22%3A%22%22%2C%22font_size_xs%22%3A%22%22%2C%22align%22%3A%22%22%2C%22text_transform%22%3A%22%22%2C%22line_height%22%3A%221.2%22%2C%22letter_spacing%22%3A%22%22%2C%22color%22%3A%22%22%2C%22hover_color%22%3A%22%22%7D\u00bb][\/vc_column][vc_column width=\u00bb5\/12&#8243;][g5element_space spacing=\u00bb20&#8243;][g5element_button title=\u00bbVer todas las propiedades\u00bb shape=\u00bbrounded\u00bb color=\u00bbprimary\u00bb align=\u00bbright\u00bb icon_font=\u00bbfas fa-long-arrow-alt-right\u00bb icon_align=\u00bbright\u00bb button_typography=\u00bb%7B%22font_family%22%3A%22%22%2C%22font_weight%22%3A%22%22%2C%22font_style%22%3A%22%22%2C%22font_size_lg%22%3A%22%22%2C%22font_size_md%22%3A%22%22%2C%22font_size_sm%22%3A%22%22%2C%22font_size_xs%22%3A%22%22%2C%22align%22%3A%22%22%2C%22text_transform%22%3A%22%22%2C%22line_height%22%3A%22%22%2C%22letter_spacing%22%3A%22-0.22px%22%2C%22color%22%3A%22%22%2C%22hover_color%22%3A%22%22%7D\u00bb padding_left_right=\u00bb34&#8243; link=\u00bburl:https%3A%2F%2Finmobiliariaraffo.com.ar%2Fweb%2Fpropiedad-estado%2Falquiler%2F\u00bb el_class=\u00bbjustify-content-start-sm\u00bb][\/vc_column][vc_column][g5element_space spacing=\u00bb27&#8243;][g5element_properties item_skin=\u00bbskin-02&#8243; posts_per_page=\u00bb50&#8243; show=\u00bbnew-in\u00bb property_type=\u00bb\u00bb property_status=\u00bb37&#8243; property_feature=\u00bb\u00bb property_label=\u00bb\u00bb property_state=\u00bb\u00bb property_city=\u00bb\u00bb property_neighborhood=\u00bb\u00bb post_image_ratio_width=\u00bb357&#8243; post_image_ratio_height=\u00bb210&#8243; el_class=\u00bbcustom-properties-carousel-01&#8243;][g5element_space spacing=\u00bb70&#8243;][\/vc_column][\/vc_row][vc_row full_width=\u00bbstretch_row\u00bb equal_height=\u00bbyes\u00bb disable_element=\u00bbyes\u00bb css=\u00bb.vc_custom_1689117815824{background-color: #f2f2f2 !important;}\u00bb el_class=\u00bbvc-col-no-pt vc-row-left-right-200 custom-pd-180 bg-bottom-right\u00bb][vc_column][g5element_space spacing=\u00bb94&#8243; spacing_md=\u00bb64&#8243;][g5element_heading layout_style=\u00bbstyle-02&#8243; title=\u00bbBusc\u00e1s vender o alquilar tu propiedad?\u00bb subtitle=\u00bbConfi\u00e1 en nosotros la administraci\u00f3n de tu propiedad y obten\u00e9 los mejores resultados.\u00bb switch_line_field=\u00bbon\u00bb limit_width=\u00bb650&#8243; title_typography=\u00bb%7B%22font_family%22%3A%22%22%2C%22font_weight%22%3A%22%22%2C%22font_style%22%3A%22%22%2C%22font_size_lg%22%3A%2226%22%2C%22font_size_md%22%3A%22%22%2C%22font_size_sm%22%3A%22%22%2C%22font_size_xs%22%3A%22%22%2C%22align%22%3A%22%22%2C%22text_transform%22%3A%22%22%2C%22line_height%22%3A%221.85%22%2C%22letter_spacing%22%3A%22%22%2C%22color%22%3A%22%22%2C%22hover_color%22%3A%22%22%7D\u00bb][g5element_space spacing=\u00bb50&#8243;][\/vc_column][vc_column el_class=\u00bbxl-pd-left-right-20&#8243; offset=\u00bbvc_col-lg-4 vc_col-md-6&#8243;][g5element_image_box layout_style=\u00bbstyle-02&#8243; icon_image=\u00bb5916&#8243; img_style=\u00bbimg-default\u00bb img_size=\u00bbcustom\u00bb img_width=\u00bb116&#8243; hover_image_effect=\u00bb\u00bb title=\u00bbVenta y Administraci\u00f3n\u00bb el_class=\u00bbcustom-image-box-01 custom-bg-light\u00bb]Brindamos asesoramiento integral en lo referente a la compra o venta de inmuebles. Nuestro objetivo es lograr en un lapso de tiempo adecuado la concreci\u00f3n de la operaci\u00f3n. Casas, departamentos, campos, terrenos, negocios, galpones, fideicomisos, etc.[\/g5element_image_box][g5element_space spacing=\u00bb\u00bb spacing_lg=\u00bb30&#8243;][\/vc_column][vc_column el_class=\u00bbxl-pd-left-right-20&#8243; offset=\u00bbvc_col-lg-4 vc_col-md-6&#8243;][g5element_image_box layout_style=\u00bbstyle-02&#8243; icon_image=\u00bb5917&#8243; img_style=\u00bbimg-default\u00bb img_size=\u00bbcustom\u00bb img_width=\u00bb116&#8243; hover_image_effect=\u00bb\u00bb title=\u00bbAdmin. de Propiedades\u00bb el_class=\u00bbcustom-image-box-01 custom-bg-light\u00bb]Nuestra incesante y cotidiana labor, en lo referente a la administraci\u00f3n de propiedades, ha permitido lograr una amplia cartera de clientes que conf\u00edan y recomiendan nuestro servicio, tanto en los procederes de eficiencia y respecto al cobro de su renta.[\/g5element_image_box][g5element_space spacing=\u00bb\u00bb spacing_lg=\u00bb30&#8243;][\/vc_column][vc_column el_class=\u00bbxl-pd-left-right-20&#8243; offset=\u00bbvc_col-lg-4 vc_col-md-12&#8243;][g5element_image_box layout_style=\u00bbstyle-02&#8243; icon_image=\u00bb5918&#8243; img_style=\u00bbimg-default\u00bb img_size=\u00bbcustom\u00bb img_width=\u00bb116&#8243; hover_image_effect=\u00bb\u00bb title=\u00bbTasaciones\u00bb el_class=\u00bbcustom-image-box-01 custom-bg-light\u00bb]Con el objetivo de obtener el valor de mercado de su propiedad realizamos la tasaci\u00f3n inmobiliaria de su inmueble, ya sea para la venta o alquiler, de forma personalizada a trav\u00e9s de un an\u00e1lisis t\u00e9cnico de la propiedad y del mercado inmobiliario. Tas\u00e1 hoy tu propiedad![\/g5element_image_box][g5element_space spacing=\u00bb\u00bb spacing_lg=\u00bb30&#8243;][\/vc_column][vc_column][g5element_space spacing=\u00bb110&#8243; spacing_md=\u00bb80&#8243;][\/vc_column][\/vc_row][vc_row full_width=\u00bbstretch_row_content_no_spaces\u00bb css=\u00bb.vc_custom_1679422163260{margin-bottom: 0px !important;padding-top: -32px !important;padding-right: 3px !important;padding-bottom: 3px !important;padding-left: 3px !important;}\u00bb][vc_column][g5element_heading layout_style=\u00bbstyle-02&#8243; title=\u00bbSeguinos en @raffoinmobiliaria\u00bb subtitle=\u00bbMantenete al d\u00eda con nuestras redes sociales\u00bb tag_html=\u00bb6&#8243; limit_width=\u00bb650&#8243; title_typography=\u00bb%7B%22font_family%22%3A%22%22%2C%22font_weight%22%3A%22%22%2C%22font_style%22%3A%22%22%2C%22font_size_lg%22%3A%2224%22%2C%22font_size_md%22%3A%22%22%2C%22font_size_sm%22%3A%22%22%2C%22font_size_xs%22%3A%22%22%2C%22align%22%3A%22%22%2C%22text_transform%22%3A%22none%22%2C%22line_height%22%3A%221.85%22%2C%22letter_spacing%22%3A%22%22%2C%22color%22%3A%22dark%22%2C%22hover_color%22%3A%22%22%7D\u00bb][g5element_space spacing=\u00bb15&#8243;]\n            <div \n                class=\"elfsight-widget-instagram-feed elfsight-widget\" \n                data-elfsight-instagram-feed-options=\"%7B%22apiChangesMessage%22%3Anull%2C%22sourceType%22%3A%22personalAccount%22%2C%22source%22%3A%5B%5D%2C%22personalAccessToken%22%3A%22472801f8-0d45-41d0-bcd4-a3271ef18f5c%22%2C%22businessAccessToken%22%3A%22%22%2C%22businessAccount%22%3Anull%2C%22position%22%3A%22%22%2C%22businessHashtag%22%3A%22%23eiffeltower%22%2C%22filterOnly%22%3A%5B%5D%2C%22filterExcept%22%3A%5B%5D%2C%22limit%22%3A0%2C%22order%22%3A%22date%22%2C%22layout%22%3A%22slider%22%2C%22postTemplate%22%3A%22tile%22%2C%22columns%22%3A8%2C%22rows%22%3A1%2C%22gutter%22%3A0%2C%22responsive%22%3A%5B%7B%22minWidth%22%3A375%2C%22columns%22%3A1%2C%22rows%22%3A1%2C%22gutter%22%3A%220%22%7D%2C%7B%22minWidth%22%3A768%2C%22columns%22%3A3%2C%22rows%22%3A2%2C%22gutter%22%3A%220%22%7D%5D%2C%22width%22%3A%22auto%22%2C%22callToActionButtons%22%3A%5B%7B%22postUrl%22%3A%22https%3A%5C%2F%5C%2Fwww.instagram.com%5C%2Fp%5C%2FBmr7eH0nyxQ%5C%2F%22%2C%22buttonLabel%22%3A%22Install%20Instagram%20Feed%20now%22%2C%22buttonLink%22%3A%22https%3A%5C%2F%5C%2Felfsight.com%5C%2Finstagram-feed-instashow%5C%2F%22%7D%2C%7B%22postUrl%22%3A%22https%3A%5C%2F%5C%2Fwww.instagram.com%5C%2Fp%5C%2FBmgZy5FnnQB%5C%2F%22%2C%22buttonLabel%22%3A%22Install%20Instagram%20Feed%20now%22%2C%22buttonLink%22%3A%22https%3A%5C%2F%5C%2Felfsight.com%5C%2Finstagram-feed-instashow%5C%2F%22%7D%2C%7B%22postUrl%22%3A%22https%3A%5C%2F%5C%2Fwww.instagram.com%5C%2Fp%5C%2FBmbbCfBndRU%5C%2F%22%2C%22buttonLabel%22%3A%22Install%20Instagram%20Feed%20now%22%2C%22buttonLink%22%3A%22https%3A%5C%2F%5C%2Felfsight.com%5C%2Finstagram-feed-instashow%5C%2F%22%7D%5D%2C%22postElements%22%3A%5B%22user%22%2C%22date%22%2C%22instagramLink%22%2C%22likesCount%22%2C%22commentsCount%22%2C%22share%22%2C%22text%22%5D%2C%22popupElements%22%3A%5B%22user%22%2C%22location%22%2C%22followButton%22%2C%22instagramLink%22%2C%22likesCount%22%2C%22share%22%2C%22text%22%2C%22comments%22%2C%22date%22%5D%2C%22imageClickAction%22%3A%22popup%22%2C%22sliderArrows%22%3Atrue%2C%22sliderDrag%22%3Atrue%2C%22sliderSpeed%22%3A0.6%2C%22sliderAutoplay%22%3A%22%22%2C%22colorScheme%22%3A%22red-power%22%2C%22colorPostOverlayBg%22%3A%22rgba%28190%2C%2013%2C%2013%2C%200.97%29%22%2C%22colorPostOverlayText%22%3A%22rgb%28255%2C%20255%2C%20255%29%22%2C%22colorPostBg%22%3A%22rgb%28190%2C%2013%2C%2013%29%22%2C%22colorPostText%22%3A%22rgb%28255%2C%20255%2C%20255%29%22%2C%22colorPostLinks%22%3A%22rgb%28255%2C%20255%2C%20255%29%22%2C%22colorSliderArrows%22%3A%22rgb%28255%2C%2038%2C%2038%29%22%2C%22colorSliderArrowsBg%22%3A%22rgba%28255%2C%20255%2C%20255%2C%200.9%29%22%2C%22colorGridLoadMoreButton%22%3A%22%22%2C%22colorPopupOverlay%22%3A%22rgba%28221%2C%2026%2C%2026%2C%200.9%29%22%2C%22colorPopupBg%22%3A%22rgb%28255%2C%20255%2C%20255%29%22%2C%22colorPopupText%22%3A%22rgb%2868%2C%2068%2C%2068%29%22%2C%22colorPopupLinks%22%3A%22rgb%28255%2C%2038%2C%2038%29%22%2C%22colorPopupFollowButton%22%3A%22rgb%28255%2C%2038%2C%2038%29%22%2C%22colorPopupCtaButton%22%3A%22rgb%28255%2C%2038%2C%2038%29%22%2C%22widgetTitle%22%3A%22%22%2C%22lang%22%3A%22es%22%2C%22apiUrl%22%3A%22https%3A%5C%2F%5C%2Finmobiliariaraffo.com.ar%5C%2Fweb%5C%2Fwp-json%5C%2Felfsight-instagram-feed%5C%2Fapi%22%2C%22apiProxyUrl%22%3A%22https%3A%5C%2F%5C%2Finmobiliariaraffo.com.ar%5C%2Fweb%5C%2Fwp-json%5C%2Felfsight-instagram-feed%22%2C%22widgetId%22%3A%223%22%7D\" \n                data-elfsight-instagram-feed-version=\"4.0.1\"\n                data-elfsight-widget-id=\"elfsight-instagram-feed-3\">\n            <\/div>\n            [\/vc_column][\/vc_row]<\/p>\n<\/div>","protected":false},"excerpt":{"rendered":"<p>[vc_row full_width=\u00bbstretch_row\u00bb full_height=\u00bbyes\u00bb bg_overlay_mode=\u00bbimage\u00bb custom_parallax_type=\u00bbvertical_parallax\u00bb custom_parallax_bg_repeat=\u00bbno-repeat\u00bb css=\u00bb.vc_custom_1712323501102{background-position: center !important;background-repeat: no-repeat !important;background-size: cover !important;}\u00bb custom_parallax_image=\u00bb8305&#8243;][vc_column][g5element_space][g5element_heading layout_style=\u00bbstyle-02&#8243; title=\u00bbENCONTR\u00c1 TU LUGAR IDEAL\u00bb subtitle=\u00bbTE AYUDAMOS A CONCRETAR TUS SUE\u00d1OS\u00bb title_typography=\u00bb%7B%22font_family%22%3A%22%22%2C%22font_weight%22%3A%22%22%2C%22font_style%22%3A%22%22%2C%22font_size_lg%22%3A%2265%22%2C%22font_size_md%22%3A%22%22%2C%22font_size_sm%22%3A%2238%22%2C%22font_size_xs%22%3A%22%22%2C%22align%22%3A%22%22%2C%22text_transform%22%3A%22%22%2C%22line_height%22%3A%221.24%22%2C%22letter_spacing%22%3A%22%22%2C%22color%22%3A%22light%22%2C%22hover_color%22%3A%22%22%7D\u00bb subtitle_typography=\u00bb%7B%22font_family%22%3A%22%22%2C%22font_weight%22%3A%22%22%2C%22font_style%22%3A%22%22%2C%22font_size_lg%22%3A%2222%22%2C%22font_size_md%22%3A%22%22%2C%22font_size_sm%22%3A%22%22%2C%22font_size_xs%22%3A%22%22%2C%22align%22%3A%22%22%2C%22text_transform%22%3A%22%22%2C%22line_height%22%3A%22%22%2C%22letter_spacing%22%3A%223.67px%22%2C%22color%22%3A%22light%22%2C%22hover_color%22%3A%22%22%7D\u00bb][g5element_space spacing=\u00bb83&#8243;][g5element_property_search_form search_form=\u00bbadvanced-search\u00bb el_class=\u00bbcustom-ere-search-01&#8243;][g5element_space][\/vc_column][\/vc_row][vc_row full_width=\u00bbstretch_row\u00bb disable_element=\u00bbyes\u00bb el_class=\u00bbvc-row-left-right-200 vc-col-no-pt\u00bb][vc_column][g5element_space spacing=\u00bb90&#8243; spacing_md=\u00bb70&#8243;][\/vc_column][vc_column width=\u00bb7\/12&#8243;][g5element_heading title=\u00bbPropiedades en Venta\u00bb description=\u00bbConoc\u00e9 todas las oportunidades de compra que tenemos\u00bb switch_line_field=\u00bbon\u00bb title_typography=\u00bb%7B%22font_family%22%3A%22%22%2C%22font_weight%22%3A%22%22%2C%22font_style%22%3A%22%22%2C%22font_size_lg%22%3A%22%22%2C%22font_size_md%22%3A%22%22%2C%22font_size_sm%22%3A%22%22%2C%22font_size_xs%22%3A%22%22%2C%22align%22%3A%22%22%2C%22text_transform%22%3A%22%22%2C%22line_height%22%3A%221.2%22%2C%22letter_spacing%22%3A%22%22%2C%22color%22%3A%22%22%2C%22hover_color%22%3A%22%22%7D\u00bb][\/vc_column][vc_column width=\u00bb5\/12&#8243;][g5element_space spacing=\u00bb20&#8243;][g5element_button title=\u00bbVer todas las [&hellip;]<\/p>\n","protected":false},"author":2,"featured_media":0,"parent":0,"menu_order":0,"comment_status":"closed","ping_status":"closed","template":"","meta":{"footnotes":""},"class_list":["post-2230","page","type-page","status-publish","hentry"],"_links":{"self":[{"href":"https:\/\/inmobiliariaraffo.com.ar\/web\/wp-json\/wp\/v2\/pages\/2230"}],"collection":[{"href":"https:\/\/inmobiliariaraffo.com.ar\/web\/wp-json\/wp\/v2\/pages"}],"about":[{"href":"https:\/\/inmobiliariaraffo.com.ar\/web\/wp-json\/wp\/v2\/types\/page"}],"author":[{"embeddable":true,"href":"https:\/\/inmobiliariaraffo.com.ar\/web\/wp-json\/wp\/v2\/users\/2"}],"replies":[{"embeddable":true,"href":"https:\/\/inmobiliariaraffo.com.ar\/web\/wp-json\/wp\/v2\/comments?post=2230"}],"version-history":[{"count":29,"href":"https:\/\/inmobiliariaraffo.com.ar\/web\/wp-json\/wp\/v2\/pages\/2230\/revisions"}],"predecessor-version":[{"id":8731,"href":"https:\/\/inmobiliariaraffo.com.ar\/web\/wp-json\/wp\/v2\/pages\/2230\/revisions\/8731"}],"wp:attachment":[{"href":"https:\/\/inmobiliariaraffo.com.ar\/web\/wp-json\/wp\/v2\/media?parent=2230"}],"curies":[{"name":"wp","href":"https:\/\/api.w.org\/{rel}","templated":true}]}}